{"id":439,"date":"2014-12-24T17:35:24","date_gmt":"2014-12-24T16:35:24","guid":{"rendered":"http:\/\/www.imagolibri.pl\/?page_id=439"},"modified":"2020-06-27T21:28:16","modified_gmt":"2020-06-27T19:28:16","slug":"about-me","status":"publish","type":"page","link":"https:\/\/www.imagolibri.pl\/en\/about-me\/","title":{"rendered":"About me"},"content":{"rendered":"<p class=\"MsoNoSpacing\"><strong><span style=\"font-size: 12pt; font-family: 'Times New Roman','serif';\">Doktor nauk humanistycznych z zakresu bibliologii i informatologii<\/span><\/strong><span style=\"font-size: 12.0pt; font-family: 'Times New Roman','serif';\"> &#8211; 2011<\/span><\/p>\n<p class=\"MsoNoSpacing\"><strong><span style=\"font-size: 12pt; font-family: 'Times New Roman','serif';\">Zainteresowania naukowe<\/span><\/strong><span style=\"font-size: 12.0pt; font-family: 'Times New Roman','serif';\">: historia i sztuka ksi\u0105\u017cki, grafika prasowa XIX wieku, nowe formy pracy z czytelnikiem w bibliotece.<\/span><\/p>\n<p><strong><span style=\"font-size: 12pt; font-family: 'Times New Roman','serif';\">Wybrane publikacj<\/span><span style=\"font-size: 12pt; font-family: 'Times New Roman','serif';\">e<\/span><\/strong><span style=\"font-size: 12.0pt; font-family: 'Times New Roman','serif';\">:<\/span><\/p>\n<ol>\n<li><span style=\"font-size: 12.0pt; font-family: 'Times New Roman','serif';\">D. Kamisi\u0144ska, <em>Grafika polskich tygodnik\u00f3w ilustrowanych dla dzieci w drugiej po\u0142owie XIX wieku na przyk\u0142adzie warszawskiego, lwowskiego i pozna\u0144skiego \u201ePrzyjaciela Dzieci\u201d.<\/em> \u201eAnnales Universitatis Paedagogicae Cracoviensis Studia ad Bibliothecarum Scientiam Pertinentia\u201d 2016 vol. 13, s. 15-51.<\/span><\/li>\n<li><span style=\"font-size: 12.0pt; font-family: 'Times New Roman','serif';\">D. Kamisi\u0144ska, <em>Grafika polskich tygodnik\u00f3w ilustrowanych drugiej po\u0142owy XIX wieku na przyk\u0142adzie lwowskiego \u201eOgniska Domowego\u201d (1883-1888) i \u201eStrzechy\u201d (1868-1873) oraz krakowskiego \u201e\u015awiata\u201d (1888-1892 i 1893-1895) i \u201eW\u0142o\u015bcianina\u201d (1869-1879).<\/em> \u201eRocznik Historii Prasy Polskiej\u201d 2015 z. 3, s. 39-73.<\/span><\/li>\n<li><span style=\"font-size: 12.0pt; font-family: 'Times New Roman','serif';\">D. Kamisi\u0144ska, <em>Dessin\u00e9 et grav\u00e9\u2026 Francuskie drzeworyty w polskich tygodnikach ilustrowanych XIX w. na przyk\u0142adzie tygodnika \u201eW\u0119drowiec\u201d (cz\u0119\u015b\u0107 II).<\/em> \u201eToru\u0144skie Studia Bibliologiczne\u201d 2015 nr 1, s. 9-48.<\/span><\/li>\n<li><span style=\"font-size: 12.0pt; font-family: 'Times New Roman','serif';\">D. Kamisi\u0144ska, <em>Dessin\u00e9 et grav\u00e9\u2026 Francuskie drzeworyty w polskich tygodnikach ilustrowanych XIX w. na przyk\u0142adzie tygodnika \u201eW\u0119drowiec\u201d (cz\u0119\u015b\u0107 I).<\/em> \u201eToru\u0144skie Studia Bibliologiczne\u201d 2014 nr 2, s. 9-36.<\/span><\/li>\n<li><span style=\"font-size: 12.0pt; font-family: 'Times New Roman','serif';\">D. Kamisi\u0144ska, <em>Problematyka bibliotek pedagogicznych w wybranych czasopismach bibliotekarskich z lat 2000-2013<\/em> [w:] <em>Miejsce biblioteki publicznej w zmieniaj\u0105cej si\u0119 przestrzeni edukacji i informacji.<\/em> Pod redakcj\u0105 Agnieszki Fludy-Krokos, Wandy Dudek, Anny Piotrowskiej. Krak\u00f3w 2014, s. 38-53.<\/span><\/li>\n<li><span style=\"font-size: 12.0pt; font-family: 'Times New Roman','serif';\">D. Kamisi\u0144ska, <em>Dwa ba\u0142wany rozmawiaj\u0105 o \u2026 sztuce<\/em>. \u201eEstetyka i Krytyka\u201d 2013 nr 30, s. 55-70.<\/span><\/li>\n<li><span style=\"font-size: 12.0pt; font-family: 'Times New Roman','serif';\">D. Kamisi\u0144ska, <i style=\"mso-bidi-font-style: normal;\">Dzie\u0142o ksi\u0105\u017cki<\/i>. \u201eBibliotheca Nostra\u201d 2011, nr 4, s. 27-39.<\/span><\/li>\n<li><span style=\"font-size: 12.0pt; font-family: 'Times New Roman','serif';\">D. Kamisi\u0144ska, <i style=\"mso-bidi-font-style: normal;\">Warszawski tygodnik \u201eW\u0119drowiec\u201d w latach 1863-1883, Cz\u0119\u015b\u0107 II<\/i>. \u201eToru\u0144skie Studia Bibliologiczne\u201d 2011, nr 1, s. 65-86.<\/span><\/li>\n<li><span style=\"font-size: 12.0pt; font-family: 'Times New Roman','serif';\">D. Kamisi\u0144ska, <i style=\"mso-bidi-font-style: normal;\">Warszawski tygodnik \u201eW\u0119drowiec\u201d w latach 1863-1883, Cz\u0119\u015b\u0107 I<\/i>. \u201eToru\u0144skie Studia Bibliologiczne\u201d 2010, nr 2, s. 101-124.<\/span><\/li>\n<li><span style=\"font-size: 12.0pt; font-family: 'Times New Roman','serif';\">D. Kamisi\u0144ska, <i style=\"mso-bidi-font-style: normal;\">Grafika Gustave\u2019a Dor\u00e9go w tygodniku \u201eW\u0119drowiec\u201d z lat 1863-1883<\/i>. \u201eRocznik Historii Prasy Polskiej\u201d 2009, t. 12, z. 1, s. 119-158.<\/span><\/li>\n<li><span style=\"font-size: 12.0pt; font-family: 'Times New Roman','serif';\">D. Kamisi\u0144ska, <i style=\"mso-bidi-font-style: normal;\">Inspiracje ro\u015blinne w zdobnictwie wybranych numer\u00f3w \u201e\u017bycia\u201d pod redakcj\u0105 artystyczn\u0105 Stanis\u0142awa Wyspia\u0144skiego<\/i>. [w:] Krak\u00f3w \u2013 Lw\u00f3w : ksi\u0105\u017cki \u2013 czasopisma \u2013 biblioteki. t. 9 cz. 2, pod red. Haliny Kos\u0119tki, Barbary G\u00f3ry, Ewy W\u00f3jcik. Krak\u00f3w 2009, s. 135-147.<\/span><\/li>\n<li><span style=\"font-size: 12.0pt; font-family: 'Times New Roman','serif';\">D. Kamisi\u0144ska, <i style=\"mso-bidi-font-style: normal;\">\u201eKsi\u0119g\u0119 m\u0105 widz\u0119 ogromn\u0105\u201d czyli Stanis\u0142awa Wyspia\u0144skiego Teatr Druku<\/i>. [w:] \u201eZeszyty Malarstwa. Zeszyty Naukowo-Artystyczne Wydzia\u0142u Malarstwa Akademii Sztuk Pi\u0119knych w Krakowie\u201d, 2008 nr 8, s.131-165.<\/span><\/li>\n<li><span style=\"font-size: 12.0pt; font-family: 'Times New Roman','serif';\">D. Kamisi\u0144ska, <i style=\"mso-bidi-font-style: normal;\">Ksi\u0105\u017cka na Festiwalu Nauki, czyli dialog dziecka z kultur\u0105<\/i>. [w:] Materia\u0142y Krakowskiej Konferencji M\u0142odych Uczonych 2008, Krak\u00f3w 2008 s. 575-582.<\/span><\/li>\n<li><span style=\"font-size: 12.0pt; font-family: 'Times New Roman','serif';\">D. Kamisi\u0144ska, <i style=\"mso-bidi-font-style: normal;\">Ksi\u0105\u017cka jako dzie\u0142o sztuki<\/i>. \u201eEstetyka i Krytyka\u201d 2007 nr 12 (1\/2007), s. 73-86.<\/span><\/li>\n<li><span style=\"font-size: 12.0pt; font-family: 'Times New Roman','serif';\">D. Kamisi\u0144ska, <i style=\"mso-bidi-font-style: normal;\">Wyspia\u0144ski ery komputera<\/i>. \u201eKonspekt\u201d 2007 nr 1, s. 71-75.<\/span><\/li>\n<li><span style=\"font-size: 12.0pt; font-family: 'Times New Roman','serif';\">D. Kamisi\u0144ska, <i style=\"mso-bidi-font-style: normal;\">Ksi\u0105\u017cka miniaturowa<\/i>, \u201eBiuletyn EBIB\u201d 2007 nr 1, Czasopismo elektroniczne. Tryb dost\u0119pu: http:\/\/www.ebib.info\/2007\/82\/a.php?kamisinska.<\/span><\/li>\n<li><span style=\"font-size: 12.0pt; font-family: 'Times New Roman','serif';\">D. Kamisi\u0144ska, <i style=\"mso-bidi-font-style: normal;\">\u201eTypographus computericus\u201d \u2013 czyli od Wyspia\u0144skiego do liberatury<\/i>. \u201eAutoportret. Pismo o dobrej przestrzeni\u201d 2006 nr 4, s. 26-29.<\/span><\/li>\n<li><span style=\"font-size: 12.0pt; font-family: 'Times New Roman','serif';\">D. Kamisi\u0144ska, <i style=\"mso-bidi-font-style: normal;\">Warsztaty ksi\u0105\u017cki miniaturowej w bibliotece. Zaj\u0119cia dla uczni\u00f3w szk\u00f3\u0142 ponadgimnazjalnych lub gimnazj\u00f3w<\/i>. \u201eBiblioteka w Szkole\u201d 2006 nr 11, s.11-13.<\/span><\/li>\n<li><span style=\"font-size: 12.0pt; font-family: 'Times New Roman','serif';\">D. Kamisi\u0144ska, <i style=\"mso-bidi-font-style: normal;\">Zr\u00f3b sobie \u015bredniowieczny r\u0119kopis. Warsztaty biblioteczne dla klas gimnazjalnych<\/i>. \u201eBiblioteka w Szkole\u201d 2006 nr 3, s.8-10.<\/span><\/li>\n<li><span style=\"font-size: 12.0pt; font-family: 'Times New Roman','serif';\">D. Kamisi\u0144ska, <i style=\"mso-bidi-font-style: normal;\">\u015alepe pole ksi\u0105\u017cki<\/i>. \u201eKonspekt\u201d 2006 nr 2-3, s.146-150.<\/span><\/li>\n<li><span style=\"font-size: 12.0pt; font-family: 'Times New Roman','serif';\">D. Kamisi\u0144ska, <i style=\"mso-bidi-font-style: normal;\">Ksi\u0105\u017cka \u2013 dzie\u0142o sztuki<\/i>. \u201eKonspekt\u201d 2005 nr 3, s.203-206.<\/span><\/li>\n<\/ol>\n<p class=\"MsoNoSpacing\"><strong><span style=\"font-size: 12pt; font-family: 'Times New Roman','serif';\">Wydane nak\u0142adem w\u0142asnym<\/span><\/strong><span style=\"font-size: 12.0pt; font-family: 'Times New Roman','serif';\">:<\/span><\/p>\n<p class=\"MsoNoSpacing\"><i style=\"mso-bidi-font-style: normal;\"><span style=\"font-size: 12.0pt; font-family: 'Times New Roman','serif';\">Twarze i Wn\u0119trza Ksi\u0105\u017cki<\/span><\/i><span style=\"font-size: 12.0pt; font-family: 'Times New Roman','serif';\">. <em>Katalog wystawy<\/em>. Wydany nak\u0142adem w\u0142asnym w ilo\u015bci 10 egzemplarzy z okazji wystawy <em>Twarze i Wn\u0119trza Ksi\u0105\u017cki. \u015awiat ksi\u0105\u017cki miniaturowej<\/em>, kt\u00f3ra towarzyszy\u0142a VII Mi\u0119dzynarodowej Konferencji Krak\u00f3w-Lw\u00f3w: ksi\u0105\u017cki, czasopisma, biblioteki XIX i XX zorganizowanej przez IINiB w Akademii Pedagogicznej w Krakowie 16-18 listopada 2005 r.<\/span><\/p>\n<p class=\"MsoNoSpacing\"><i style=\"mso-bidi-font-style: normal;\"><span style=\"font-size: 12.0pt; font-family: 'Times New Roman','serif';\">Ksi\u0105\u017cka na Festiwalu Nauki<\/span><\/i><span style=\"font-size: 12.0pt; font-family: 'Times New Roman','serif';\">. Katalog wydany nak\u0142adem w\u0142asnym w ilo\u015bci 2 egzemplarzy. Zawiera bogato ilustrowane projekty autorskie warsztat\u00f3w artystycznych ksi\u0105\u017cki r\u0119kopi\u015bmiennej i miniaturowej oraz om\u00f3wienia i zdj\u0119cia imprez realizowanych wed\u0142ug tych scenariuszy pod opiek\u0105 autorki w ramach Festiwalu Nauki w Krakowie, w latach 2004-2007, wsp\u00f3lnie ze Studenckim Ko\u0142em Naukowym Bibliolog dzia\u0142aj\u0105cym przy IINiB AP w Krakowie.<\/span><\/p>\n<p class=\"MsoNoSpacing\"><strong><span style=\"font-size: 12pt; font-family: 'Times New Roman','serif';\">Pasja<\/span><\/strong><span style=\"font-size: 12.0pt; font-family: 'Times New Roman','serif';\">: ksi\u0105\u017ckotw\u00f3rstwo \u2013 r\u0119cznie wykonywane ksi\u0105\u017ceczki miniaturowe do wybranych wierszy poet\u00f3w polskich i obcych. Koncepcja, materia\u0142y i wykonanie \u2013 w\u0142asne \u2013 jedyne i niepowtarzalne.<\/span><\/p>\n<p class=\"MsoNoSpacing\"><strong><span style=\"font-size: 12pt; font-family: 'Times New Roman','serif';\">Wa\u017cniejsze wystawy<\/span><\/strong><span style=\"font-size: 12.0pt; font-family: 'Times New Roman','serif';\">:<\/span><\/p>\n<ul>\n<li><span style=\"font-size: 12.0pt; font-family: 'Times New Roman','serif';\"> Biblioteka IINiB Akademii Pedagogicznej w Krakowie &#8211; 2005<\/span><\/li>\n<li><span style=\"font-size: 12.0pt; font-family: 'Times New Roman','serif';\">VIII Mi\u0119dzynarodowy Festiwal Sztuki Ksi\u0105\u017cki Czas &#8211; \u0141\u00f3d\u017a 2006-2008<\/span><\/li>\n<li><span style=\"font-size: 12.0pt; font-family: 'Times New Roman','serif';\">Miejska Biblioteka Publiczna w Gorlicach &#8211; 2006<\/span><\/li>\n<li><span style=\"font-size: 12.0pt; font-family: 'Times New Roman','serif';\">Miejska Biblioteka Publiczna w Chrzanowie &#8211; 2007<\/span><\/li>\n<li><span style=\"font-size: 12.0pt; font-family: 'Times New Roman','serif';\">Biblioteka G\u0142\u00f3wna Uniwersytetu Pedagogicznego w Krakowie &#8211; 2010<\/span><\/li>\n<\/ul>\n<p class=\"MsoNoSpacing\"><strong><span style=\"font-size: 12pt; font-family: 'Times New Roman','serif';\">Autorskie warsztaty ksi\u0105\u017cki miniaturowej<\/span><\/strong><span style=\"font-size: 12.0pt; font-family: 'Times New Roman','serif';\">:<\/span><\/p>\n<ul>\n<li><span style=\"font-size: 12.0pt; font-family: 'Times New Roman','serif';\">Biblioteka Pedagogiczna w Skawinie &#8211; 2011<\/span><\/li>\n<li><span style=\"font-size: 12.0pt; font-family: 'Times New Roman','serif';\">Pedagogiczna Biblioteka Wojew\u00f3dzka w Nowym S\u0105czu &#8211; 2011<\/span><\/li>\n<\/ul>\n<p class=\"MsoNoSpacing\"><strong><span style=\"font-size: 12pt; font-family: 'Times New Roman','serif';\">Polecam<\/span><\/strong><span style=\"font-size: 12.0pt; font-family: 'Times New Roman','serif';\">:<\/span><\/p>\n<p class=\"MsoNormal\"><span style=\"font-size: 12.0pt; line-height: 115%; font-family: 'Times New Roman','serif'; mso-fareast-font-family: Calibri; mso-ansi-language: PL; mso-fareast-language: EN-US; mso-bidi-language: AR-SA;\">Sztuka Ksi\u0105\u017cki http:\/\/bookart.pl\/<\/span><\/p>\n","protected":false},"excerpt":{"rendered":"<p>Doktor nauk humanistycznych z zakresu bibliologii i informatologii &#8211; 2011 Zainteresowania naukowe: historia i sztuka ksi\u0105\u017cki, grafika prasowa XIX wieku, nowe formy pracy z czytelnikiem w bibliotece. Wybrane publikacje: D. Kamisi\u0144ska, Grafika polskich tygodnik\u00f3w ilustrowanych dla dzieci w drugiej po\u0142owie &hellip; <a href=\"https:\/\/www.imagolibri.pl\/en\/about-me\/\">Continue reading <span class=\"meta-nav\">&rarr;<\/span><\/a><\/p>\n","protected":false},"author":2,"featured_media":0,"parent":0,"menu_order":0,"comment_status":"closed","ping_status":"closed","template":"sidebar-page.php","meta":{"footnotes":""},"class_list":["post-439","page","type-page","status-publish","hentry"],"_links":{"self":[{"href":"https:\/\/www.imagolibri.pl\/en\/wp-json\/wp\/v2\/pages\/439","targetHints":{"allow":["GET"]}}],"collection":[{"href":"https:\/\/www.imagolibri.pl\/en\/wp-json\/wp\/v2\/pages"}],"about":[{"href":"https:\/\/www.imagolibri.pl\/en\/wp-json\/wp\/v2\/types\/page"}],"author":[{"embeddable":true,"href":"https:\/\/www.imagolibri.pl\/en\/wp-json\/wp\/v2\/users\/2"}],"replies":[{"embeddable":true,"href":"https:\/\/www.imagolibri.pl\/en\/wp-json\/wp\/v2\/comments?post=439"}],"version-history":[{"count":7,"href":"https:\/\/www.imagolibri.pl\/en\/wp-json\/wp\/v2\/pages\/439\/revisions"}],"predecessor-version":[{"id":1101,"href":"https:\/\/www.imagolibri.pl\/en\/wp-json\/wp\/v2\/pages\/439\/revisions\/1101"}],"wp:attachment":[{"href":"https:\/\/www.imagolibri.pl\/en\/wp-json\/wp\/v2\/media?parent=439"}],"curies":[{"name":"wp","href":"https:\/\/api.w.org\/{rel}","templated":true}]}}